{"id":122,"date":"2018-09-05T06:30:04","date_gmt":"2018-09-05T04:30:04","guid":{"rendered":"http:\/\/www.islom.sk\/web\/?page_id=122"},"modified":"2024-03-06T07:50:38","modified_gmt":"2024-03-06T06:50:38","slug":"home","status":"publish","type":"page","link":"http:\/\/www.islom.sk\/web\/en\/home\/","title":{"rendered":"Home"},"content":{"rendered":"<p><strong>EXPEDITION &#8211;\u00a0 Maglovec quarry<br \/>\n<\/strong>March to December \/ Monday-Friday from 6,00 a.m. till 8,00 p.m.<\/p>\n<p><strong>EXPEDITION &#8211;\u00a0 \u010cierne K\u013ea\u010dany quarry<br \/>\n<\/strong>Monday-Friday from 6,00 a.m. 2,00 p.m.<\/p>\n<p><strong>Documents for download:<\/strong><\/p>\n<p><em><strong>Environment<br \/>\n<\/strong><\/em><a href=\"http:\/\/www.islom.sk\/web\/wp-content\/uploads\/2020\/02\/Zverejnenie-v\u00fdsledkov-merania-emisi\u00ed-IS-LOM-2020-1.pdf\" target=\"_blank\" rel=\"noopener noreferrer\">Results of emission measurements IS LOM 2020<\/a><\/p>\n<p><em><strong>CRS<br \/>\n<\/strong><\/em><a href=\"http:\/\/www.islom.sk\/web\/wp-content\/uploads\/2022\/11\/Code-of-Ethics-1.pdf\" target=\"_blank\" rel=\"noopener\">Code of Ethics<\/a><br \/>\n<a href=\"http:\/\/www.islom.sk\/web\/wp-content\/uploads\/2022\/11\/Compliance-programme-Anti-Corruption_compressed-1.pdf\" target=\"_blank\" rel=\"noopener\">Compliance programme Anti &#8211; Corruption<\/a><br \/>\n<a href=\"http:\/\/www.islom.sk\/web\/wp-content\/uploads\/2020\/02\/Compliance-programme-Competition.pdf\">Compliance programme Competition<\/a><br \/>\n<a href=\"http:\/\/www.islom.sk\/web\/wp-content\/uploads\/2020\/02\/Compliance-programme-Conflicts-of-Interest.pdf\">Compliance programme Conflicts of Interest<\/a><br \/>\n<a href=\"http:\/\/www.islom.sk\/web\/wp-content\/uploads\/2020\/02\/CSR-CHARTER-FOR-SUPPLIERS-SUBCONTRACTORS-EN.pdf\">CSR CHARTER FOR SUPPLIERS &amp; SUBCONTRACTORS <\/a><br \/>\n<a href=\"http:\/\/www.islom.sk\/web\/wp-content\/uploads\/2020\/05\/Policy-IS-LOM_ENG2.pdf\" target=\"_blank\" rel=\"noopener noreferrer\">Integrated Management System Policy Statement<\/a><\/p>\n<p>&nbsp;<\/p>\n<p><em><strong>General Commercial Terms<br \/>\n<\/strong><\/em><a href=\"http:\/\/www.islom.sk\/web\/wp-content\/uploads\/2020\/02\/VOP-pre-nakup-tovaru-SVK_ENG-1.pdf\">GCT_Purchase of goods<\/a><br \/>\n<a href=\"http:\/\/www.islom.sk\/web\/wp-content\/uploads\/2020\/02\/VOP-pre-poskytovanie-sluzieb-SVK_ENG-1.pdf\">GCT_Supply of services<\/a><br \/>\n<a href=\"http:\/\/www.islom.sk\/web\/wp-content\/uploads\/2020\/02\/VOP-pre-prevadzku-dopravnych-prostriedkov-SVK_ENG-1.pdf\">GCT_Transport Contract Agreements<\/a><em><strong><br \/>\n<\/strong><\/em><\/p>\n","protected":false},"excerpt":{"rendered":"<p>EXPEDITION &#8211;\u00a0 Maglovec quarry March to December \/ Monday-Friday from 6,00 a.m. till 8,00 p.m. EXPEDITION &#8211;\u00a0 \u010cierne K\u013ea\u010dany quarry Monday-Friday from 6,00 a.m. 2,00 p.m. Documents for download: Environment Results of emission measurements IS LOM 2020 CRS Code of Ethics Compliance programme Anti &#8211; Corruption Compliance programme Competition Compliance programme Conflicts of Interest CSR CHARTER FOR SUPPLIERS &amp; SUBCONTRACTORS Integrated Management System Policy Statement &nbsp; General Commercial Terms GCT_Purchase of goods GCT_Supply of services GCT_Transport Contract Agreements<\/p>\n","protected":false},"author":1,"featured_media":0,"parent":0,"menu_order":0,"comment_status":"closed","ping_status":"closed","template":"","meta":[],"_links":{"self":[{"href":"http:\/\/www.islom.sk\/web\/wp-json\/wp\/v2\/pages\/122"}],"collection":[{"href":"http:\/\/www.islom.sk\/web\/wp-json\/wp\/v2\/pages"}],"about":[{"href":"http:\/\/www.islom.sk\/web\/wp-json\/wp\/v2\/types\/page"}],"author":[{"embeddable":true,"href":"http:\/\/www.islom.sk\/web\/wp-json\/wp\/v2\/users\/1"}],"replies":[{"embeddable":true,"href":"http:\/\/www.islom.sk\/web\/wp-json\/wp\/v2\/comments?post=122"}],"version-history":[{"count":27,"href":"http:\/\/www.islom.sk\/web\/wp-json\/wp\/v2\/pages\/122\/revisions"}],"predecessor-version":[{"id":603,"href":"http:\/\/www.islom.sk\/web\/wp-json\/wp\/v2\/pages\/122\/revisions\/603"}],"wp:attachment":[{"href":"http:\/\/www.islom.sk\/web\/wp-json\/wp\/v2\/media?parent=122"}],"curies":[{"name":"wp","href":"https:\/\/api.w.org\/{rel}","templated":true}]}}