{"id":14,"date":"2018-08-20T07:08:41","date_gmt":"2018-08-20T05:08:41","guid":{"rendered":"http:\/\/www.islom.sk\/web\/?page_id=14"},"modified":"2024-07-01T12:02:29","modified_gmt":"2024-07-01T10:02:29","slug":"profil-spolocnosti","status":"publish","type":"page","link":"http:\/\/www.islom.sk\/web\/profil-spolocnosti\/","title":{"rendered":"Profil spolo\u010dnosti"},"content":{"rendered":"<p>&nbsp;<\/p>\n<p>Spolo\u010dnos\u0165\u00a0<strong>IS-LOM s.r.o., Maglovec<\/strong> je dynamickou spolo\u010dnos\u0165ou\u00a0 zalo\u017eenou v roku 1995, ktor\u00e1 dnes patr\u00ed k najv\u00e4\u010d\u0161\u00edm dod\u00e1vate\u013eom drven\u00e9ho kameniva v oblasti v\u00fdchodn\u00e9ho Slovenska.<br \/>\nOd svojho vzniku bola dc\u00e9rskou spolo\u010dnos\u0165ou In\u017einierskych stavieb, a.s. a\u00a0od 5. 6. 2019 po zmene obchodn\u00e9ho n\u00e1zvu tejto stavebnej spolo\u010dnosti sa stala dc\u00e9rskou spolo\u010dnos\u0165ou firmy COLAS Slovakia, a.s.<\/p>\n<p>Od roku 1998 prev\u00e1dzkujeme dob\u00fdvac\u00ed priestor Vy\u0161n\u00e1 \u0160ebastov\u00e1 banskou \u010dinnos\u0165ou.<\/p>\n<p>Vy\u0165a\u017een\u00fd kame\u0148 z ve\u013emi kvalitnej horniny\u00a0 spracov\u00e1vame na drven\u00e9 kamenivo najvy\u0161\u0161\u00edch akostn\u00fdch tried. Andezit sp\u013a\u0148a tie najpr\u00edsnej\u0161ie krit\u00e9ri\u00e1 pre pou\u017eitie v stavebn\u00edctve.<br \/>\nV rokoch 2006 \u2013 2007 prebehla komplexn\u00e1 rekon\u0161trukcia v\u00fdrobnej linky na v\u00fdrobu \u201esuch\u00fdm sp\u00f4sobom\u201c. D\u00f4vodom bolo nielen roz\u0161\u00edrenie sortimentu a skvalitnenie pracovn\u00e9ho prostredia, ale aj zv\u00fd\u0161enie ochrany \u017eivotn\u00e9ho prostredia a okolitej krajiny.<\/p>\n<p>Od roku 2018 prev\u00e1dzkujeme aj dob\u00fdvac\u00ed priestor \u010cierne K\u013ea\u010dany ju\u017ene od Zlat\u00fdch Moraviec, kde tie\u017e \u0165a\u017e\u00edme andezit.<\/p>\n<p>Kladieme d\u00f4raz na kvalitu na\u0161ej produkcie a pru\u017enos\u0165 poskytovan\u00fdch slu\u017eieb, aby sme vyhoveli rozli\u010dn\u00fdm potreb\u00e1m svojich z\u00e1kazn\u00edkov. Dod\u00e1vame vysoko kvalitn\u00e9 kamenivo nielen ve\u013ek\u00fdm stavebn\u00fdm firm\u00e1m, ale aj stredn\u00fdm a mal\u00fdm stavite\u013eom pre individu\u00e1lnu v\u00fdstavbu. K na\u0161im cie\u013eom patr\u00ed presadenie sa aj na zahrani\u010dn\u00fdch trhoch.<br \/>\nV \u0165a\u017ebe a pr\u00e1ci sme nadviazali na trad\u00edciu predch\u00e1dzaj\u00facich prev\u00e1dzkovate\u013eov lomov a bohat\u00e9 sk\u00fasenosti na\u0161ich odborn\u00fdch pracovn\u00edkov, ve\u010f hist\u00f3ria \u0165a\u017eby v oblasti Vy\u0161nej \u0160ebastovej siaha a\u017e do 30. rokov minul\u00e9ho storo\u010dia.<\/p>\n<p>Sme \u010dlenom Slovensk\u00e9ho zdru\u017eenia v\u00fdrobcov kameniva.<\/p>\n<p><a href=\"https:\/\/szvk.sk\/\"><img decoding=\"async\" loading=\"lazy\" class=\"alignnone size-medium wp-image-618\" src=\"http:\/\/www.islom.sk\/web\/wp-content\/uploads\/2024\/07\/logo-SZVK-300x89.png\" alt=\"\" width=\"300\" height=\"89\" srcset=\"http:\/\/www.islom.sk\/web\/wp-content\/uploads\/2024\/07\/logo-SZVK-300x89.png 300w, http:\/\/www.islom.sk\/web\/wp-content\/uploads\/2024\/07\/logo-SZVK.png 491w\" sizes=\"(max-width: 300px) 100vw, 300px\" \/><\/a><\/p>\n","protected":false},"excerpt":{"rendered":"<p>&nbsp; Spolo\u010dnos\u0165\u00a0IS-LOM s.r.o., Maglovec je dynamickou spolo\u010dnos\u0165ou\u00a0 zalo\u017eenou v roku 1995, ktor\u00e1 dnes patr\u00ed k najv\u00e4\u010d\u0161\u00edm dod\u00e1vate\u013eom drven\u00e9ho kameniva v oblasti v\u00fdchodn\u00e9ho Slovenska. Od svojho vzniku bola dc\u00e9rskou spolo\u010dnos\u0165ou In\u017einierskych stavieb, a.s. a\u00a0od 5. 6. 2019 po zmene obchodn\u00e9ho n\u00e1zvu tejto stavebnej spolo\u010dnosti sa stala dc\u00e9rskou spolo\u010dnos\u0165ou firmy COLAS Slovakia, a.s. Od roku 1998 prev\u00e1dzkujeme dob\u00fdvac\u00ed priestor Vy\u0161n\u00e1 \u0160ebastov\u00e1 banskou \u010dinnos\u0165ou. Vy\u0165a\u017een\u00fd kame\u0148 z ve\u013emi kvalitnej horniny\u00a0 spracov\u00e1vame na drven\u00e9 kamenivo najvy\u0161\u0161\u00edch akostn\u00fdch tried. Andezit sp\u013a\u0148a tie najpr\u00edsnej\u0161ie krit\u00e9ri\u00e1 pre pou\u017eitie v stavebn\u00edctve. V rokoch 2006 \u2013 2007 prebehla komplexn\u00e1 rekon\u0161trukcia v\u00fdrobnej linky na v\u00fdrobu \u201esuch\u00fdm sp\u00f4sobom\u201c. D\u00f4vodom bolo nielen <\/p>\n","protected":false},"author":1,"featured_media":0,"parent":0,"menu_order":0,"comment_status":"closed","ping_status":"closed","template":"","meta":[],"_links":{"self":[{"href":"http:\/\/www.islom.sk\/web\/wp-json\/wp\/v2\/pages\/14"}],"collection":[{"href":"http:\/\/www.islom.sk\/web\/wp-json\/wp\/v2\/pages"}],"about":[{"href":"http:\/\/www.islom.sk\/web\/wp-json\/wp\/v2\/types\/page"}],"author":[{"embeddable":true,"href":"http:\/\/www.islom.sk\/web\/wp-json\/wp\/v2\/users\/1"}],"replies":[{"embeddable":true,"href":"http:\/\/www.islom.sk\/web\/wp-json\/wp\/v2\/comments?post=14"}],"version-history":[{"count":9,"href":"http:\/\/www.islom.sk\/web\/wp-json\/wp\/v2\/pages\/14\/revisions"}],"predecessor-version":[{"id":623,"href":"http:\/\/www.islom.sk\/web\/wp-json\/wp\/v2\/pages\/14\/revisions\/623"}],"wp:attachment":[{"href":"http:\/\/www.islom.sk\/web\/wp-json\/wp\/v2\/media?parent=14"}],"curies":[{"name":"wp","href":"https:\/\/api.w.org\/{rel}","templated":true}]}}