{"id":153,"date":"2018-09-05T08:00:21","date_gmt":"2018-09-05T06:00:21","guid":{"rendered":"http:\/\/www.islom.sk\/web\/?page_id=153"},"modified":"2024-03-06T08:09:03","modified_gmt":"2024-03-06T07:09:03","slug":"ceny","status":"publish","type":"page","link":"http:\/\/www.islom.sk\/web\/pl\/ceny\/","title":{"rendered":"Ceny"},"content":{"rendered":"<p><strong><a href=\"http:\/\/www.islom.sk\/web\/wp-content\/uploads\/2024\/03\/Cennik-od-1.3.2024-2.pdf\">Cennik kruszyvwa \u2013 Maglovec<\/a><\/strong><\/p>\n<p>(obowi\u0105zuje od 01.03.2024)<\/p>\n<p><strong><a href=\"http:\/\/www.islom.sk\/web\/wp-content\/uploads\/2024\/03\/Cennik-2024-LCK-2.pdf\">Cennik kruszywa \u2013 \u010cierne K\u013ea\u010dany<\/a><\/strong><\/p>\n<p>(obowi\u0105zuje od 01.03.2024)<\/p>\n<p>&nbsp;<\/p>\n<p>&nbsp;<\/p>\n<p>&nbsp;<\/p>\n","protected":false},"excerpt":{"rendered":"<p>Cennik kruszyvwa \u2013 Maglovec (obowi\u0105zuje od 01.03.2024) Cennik kruszywa \u2013 \u010cierne K\u013ea\u010dany (obowi\u0105zuje od 01.03.2024) &nbsp; &nbsp; &nbsp;<\/p>\n","protected":false},"author":1,"featured_media":0,"parent":0,"menu_order":0,"comment_status":"closed","ping_status":"closed","template":"","meta":[],"_links":{"self":[{"href":"http:\/\/www.islom.sk\/web\/wp-json\/wp\/v2\/pages\/153"}],"collection":[{"href":"http:\/\/www.islom.sk\/web\/wp-json\/wp\/v2\/pages"}],"about":[{"href":"http:\/\/www.islom.sk\/web\/wp-json\/wp\/v2\/types\/page"}],"author":[{"embeddable":true,"href":"http:\/\/www.islom.sk\/web\/wp-json\/wp\/v2\/users\/1"}],"replies":[{"embeddable":true,"href":"http:\/\/www.islom.sk\/web\/wp-json\/wp\/v2\/comments?post=153"}],"version-history":[{"count":21,"href":"http:\/\/www.islom.sk\/web\/wp-json\/wp\/v2\/pages\/153\/revisions"}],"predecessor-version":[{"id":615,"href":"http:\/\/www.islom.sk\/web\/wp-json\/wp\/v2\/pages\/153\/revisions\/615"}],"wp:attachment":[{"href":"http:\/\/www.islom.sk\/web\/wp-json\/wp\/v2\/media?parent=153"}],"curies":[{"name":"wp","href":"https:\/\/api.w.org\/{rel}","templated":true}]}}