{"id":9,"date":"2018-08-20T07:05:30","date_gmt":"2018-08-20T05:05:30","guid":{"rendered":"http:\/\/www.islom.sk\/web\/?page_id=9"},"modified":"2025-11-18T12:47:47","modified_gmt":"2025-11-18T11:47:47","slug":"9-2","status":"publish","type":"page","link":"http:\/\/www.islom.sk\/web\/","title":{"rendered":"Oznamy"},"content":{"rendered":"<p><strong>EXPED\u00cdCIA &#8211; Lom Maglovec<br \/>\n<\/strong>Marec &#8211; December \/ Pondelok &#8211; Piatok od 6,00 do 20,00 hod.<\/p>\n<p><strong>EXPED\u00cdCIA &#8211; Lom \u010cierne K\u013ea\u010dany<br \/>\n<\/strong>Pondelok &#8211; Piatok od 6,00 do 14,00 hod.<\/p>\n<p><strong>Dokumenty na stiahnutie:<\/strong><\/p>\n<p><strong><em>Ochrana \u017divotn\u00e9ho Prostredia<\/em><br \/>\n<\/strong><a href=\"http:\/\/www.islom.sk\/web\/wp-content\/uploads\/2025\/07\/Sprava-o-opravnenom-merani-emisii-03_124_2025.pdf\" target=\"_blank\" rel=\"noopener\">Zverejnenie v\u00fdsledkov merania emisi\u00ed IS-LOM 2025<\/a><\/p>\n<p><strong><em>Spolo\u010densk\u00e1 zodpovednos\u0165<br \/>\n<\/em><\/strong><a href=\"http:\/\/www.islom.sk\/web\/wp-content\/uploads\/2022\/11\/Eticky-kodex_compressed.pdf\" target=\"_blank\" rel=\"noopener\">Etick\u00fd k\u00f3dex<\/a><br \/>\n<a href=\"http:\/\/www.islom.sk\/web\/wp-content\/uploads\/2020\/02\/Charta-spolo\u010denskej-zodpovednosti-v-podnikan\u00ed-pre-dod\u00e1vate\u013eov-a-podzhotovite\u013eov.pdf\">Charta spolo\u010denskej zodpovednosti v podnikan\u00ed pre dod\u00e1vate\u013eov a podzhotovite\u013eov<\/a><br \/>\n<a href=\"http:\/\/www.islom.sk\/web\/wp-content\/uploads\/2022\/11\/Program_dodrziavania-zakonnosti-v-oblasti-boja-proti-korupcii_compressed.pdf\" target=\"_blank\" rel=\"noopener\">Program dodr\u017eiavania z\u00e1konnosti v oblasti boja proti korupcii<\/a><br \/>\n<a href=\"http:\/\/www.islom.sk\/web\/wp-content\/uploads\/2019\/02\/Program-dodr\u017eiavania-z\u00e1konnosti-v-oblasti-hospod\u00e1rskej-s\u00fa\u0165a\u017ee.pdf\" target=\"_blank\" rel=\"noopener noreferrer\">Program dodr\u017eiavania z\u00e1konnosti v oblasti hospod\u00e1rskej s\u00fa\u0165a\u017ee<\/a><br \/>\n<a href=\"http:\/\/www.islom.sk\/web\/wp-content\/uploads\/2019\/02\/Program-dodr\u017eiavania-z\u00e1konnosti-v-oblasti-konfliktu-z\u00e1ujmov.pdf\" target=\"_blank\" rel=\"noopener noreferrer\">Program dodr\u017eiavania z\u00e1konnosti v oblasti konfliktu z\u00e1ujmov<\/a><br \/>\n<a href=\"http:\/\/www.islom.sk\/web\/wp-content\/uploads\/2020\/05\/Politika-IS-LOM-compressed2.pdf\" target=\"_blank\" rel=\"noopener noreferrer\">Integrovan\u00e1 politika syst\u00e9mu mana\u017e\u00e9rstva<\/a><\/p>\n<p><strong><em>V\u0161eobecn\u00e9 obchodn\u00e9 podmienky<br \/>\n<\/em><\/strong><a href=\"http:\/\/www.islom.sk\/web\/wp-content\/uploads\/2020\/02\/VOP-pre-nakup-tovaru-SVK_ENG.pdf\">VOP pre nakup tovaru <\/a><br \/>\n<a href=\"http:\/\/www.islom.sk\/web\/wp-content\/uploads\/2020\/02\/VOP-pre-poskytovanie-sluzieb-SVK_ENG.pdf\">VOP pre poskytovanie slu\u017eieb<\/a><br \/>\n<a href=\"http:\/\/www.islom.sk\/web\/wp-content\/uploads\/2020\/02\/VOP-pre-prevadzku-dopravnych-prostriedkov-SVK_ENG.pdf\">VOP pre prevadzku dopravnych prostriedkov <\/a><\/p>\n<p>&nbsp;<\/p>\n","protected":false},"excerpt":{"rendered":"<p>EXPED\u00cdCIA &#8211; Lom Maglovec Marec &#8211; December \/ Pondelok &#8211; Piatok od 6,00 do 20,00 hod. EXPED\u00cdCIA &#8211; Lom \u010cierne K\u013ea\u010dany Pondelok &#8211; Piatok od 6,00 do 14,00 hod. Dokumenty na stiahnutie: Ochrana \u017divotn\u00e9ho Prostredia Zverejnenie v\u00fdsledkov merania emisi\u00ed IS-LOM 2025 Spolo\u010densk\u00e1 zodpovednos\u0165 Etick\u00fd k\u00f3dex Charta spolo\u010denskej zodpovednosti v podnikan\u00ed pre dod\u00e1vate\u013eov a podzhotovite\u013eov Program dodr\u017eiavania z\u00e1konnosti v oblasti boja proti korupcii Program dodr\u017eiavania z\u00e1konnosti v oblasti hospod\u00e1rskej s\u00fa\u0165a\u017ee Program dodr\u017eiavania z\u00e1konnosti v oblasti konfliktu z\u00e1ujmov Integrovan\u00e1 politika syst\u00e9mu mana\u017e\u00e9rstva V\u0161eobecn\u00e9 obchodn\u00e9 podmienky VOP pre nakup tovaru VOP pre poskytovanie slu\u017eieb VOP pre prevadzku dopravnych prostriedkov &nbsp;<\/p>\n","protected":false},"author":1,"featured_media":0,"parent":0,"menu_order":0,"comment_status":"closed","ping_status":"closed","template":"","meta":[],"_links":{"self":[{"href":"http:\/\/www.islom.sk\/web\/wp-json\/wp\/v2\/pages\/9"}],"collection":[{"href":"http:\/\/www.islom.sk\/web\/wp-json\/wp\/v2\/pages"}],"about":[{"href":"http:\/\/www.islom.sk\/web\/wp-json\/wp\/v2\/types\/page"}],"author":[{"embeddable":true,"href":"http:\/\/www.islom.sk\/web\/wp-json\/wp\/v2\/users\/1"}],"replies":[{"embeddable":true,"href":"http:\/\/www.islom.sk\/web\/wp-json\/wp\/v2\/comments?post=9"}],"version-history":[{"count":45,"href":"http:\/\/www.islom.sk\/web\/wp-json\/wp\/v2\/pages\/9\/revisions"}],"predecessor-version":[{"id":666,"href":"http:\/\/www.islom.sk\/web\/wp-json\/wp\/v2\/pages\/9\/revisions\/666"}],"wp:attachment":[{"href":"http:\/\/www.islom.sk\/web\/wp-json\/wp\/v2\/media?parent=9"}],"curies":[{"name":"wp","href":"https:\/\/api.w.org\/{rel}","templated":true}]}}